{"id":3,"date":"2024-02-27T00:41:16","date_gmt":"2024-02-27T00:41:16","guid":{"rendered":"https:\/\/www.resa.mx\/?page_id=3"},"modified":"2025-05-22T18:20:29","modified_gmt":"2025-05-22T18:20:29","slug":"privacy-policy","status":"publish","type":"page","link":"https:\/\/www.resa.mx\/en\/privacy-policy\/","title":{"rendered":"Privacy Policy"},"content":{"rendered":"<div data-elementor-type=\"wp-page\" data-elementor-id=\"3\" class=\"elementor elementor-3\" data-elementor-post-type=\"page\">\n\t\t\t\t\t\t<section class=\"elementor-section elementor-top-section elementor-element elementor-element-6e17dd13 elementor-section-boxed elementor-section-height-default elementor-section-height-default\" data-id=\"6e17dd13\" data-element_type=\"section\">\n\t\t\t\t\t\t<div class=\"elementor-container elementor-column-gap-default\">\n\t\t\t\t\t<div class=\"elementor-column elementor-col-100 elementor-top-column elementor-element elementor-element-237af998\" data-id=\"237af998\" data-element_type=\"column\">\n\t\t\t<div class=\"elementor-widget-wrap elementor-element-populated\">\n\t\t\t\t\t\t<div class=\"elementor-element elementor-element-29d92953 elementor-widget elementor-widget-text-editor\" data-id=\"29d92953\" data-element_type=\"widget\" data-widget_type=\"text-editor.default\">\n\t\t\t\t<div class=\"elementor-widget-container\">\n\t\t\t<style>\/*! elementor - v3.19.0 - 28-02-2024 *\/\n.elementor-widget-text-editor.elementor-drop-cap-view-stacked .elementor-drop-cap{background-color:#69727d;color:#fff}.elementor-widget-text-editor.elementor-drop-cap-view-framed .elementor-drop-cap{color:#69727d;border:3px solid;background-color:transparent}.elementor-widget-text-editor:not(.elementor-drop-cap-view-default) .elementor-drop-cap{margin-top:8px}.elementor-widget-text-editor:not(.elementor-drop-cap-view-default) .elementor-drop-cap-letter{width:1em;height:1em}.elementor-widget-text-editor .elementor-drop-cap{float:left;text-align:center;line-height:1;font-size:50px}.elementor-widget-text-editor .elementor-drop-cap-letter{display:inline-block}<\/style>\t\t\t\t<p><strong>Notice addressed to the holders of personal data who are in possession of resa y<\/strong><br><strong>asociados, s.c.<\/strong><\/p>\n<p>Resa y Asociados, S.C., is responsible for the confidential treatment of its<br>clients' personal data.<\/p>\n<p>Your personal data will be used for the following purposes:<\/p>\n<ul>\n<li>Provide the services requested by you.<\/li>\n<li>Inform about changes or new services that are related to the contracted one.<\/li>\n<li>Fulfill obligations contracted with our clients.<\/li>\n<li>Evaluate the quality of service, and<\/li>\n<li>Conduct internal studies to improve our services.<\/li>\n<\/ul>\n<p>For the purposes stated in this privacy notice, we may collect your<br>personal data in different ways: when you provide it to us directly,<br>when you visit our website or when we obtain information through<br>other sources that are permitted by law.<\/p><p>The personal data we collect are:<\/p>\n<ul>\n<li>Name or company name<\/li>\n<li>F.C. of the company or person<\/li>\n<li>Full address<\/li>\n<li>Email addresses<\/li>\n<li>Web Address<\/li>\n<li>Name of the personnel who work in your company and are related to the service provided<\/li>\n<\/ul>\n<p>We commit that they will be treated under the strictest measures of<br>security that guarantee your confidentiality.<\/p>\n<p>In accordance with the provisions of article 9 of the Law in question, we require your<br>express consent for the processing of your sensitive personal data, so<br>we ask you to indicate whether or not you accept the treatment by sending your consent with<br>autograph signature of the owner to:<\/p>\n<p>Insurgentes Sur 1605 Piso 12, Col. San Jos\u00e9 Insurgentes, Del. Benito Ju\u00e1rez, C.P. 03900, in<br>Ciudad de M\u00e9xico, Mexico, to the attention of our Data Management Department.<\/p>\n<p>You have the right to access your personal data that we hold and the details<br>of the treatment of the same, as well as to rectify them if they are inaccurate or<br>incomplete; cancel them when you consider that they are not required for any of the<br>purposes indicated in this privacy notice, are being used for<br>purposes not consented to or the contractual or service relationship has ended, or,<br>oppose the processing of the same for specific purposes.<\/p>\n<p>At any time, you may revoke the consent you have given us for the<br>processing of your personal data, so that we stop using them.<\/p>\n<p>The mechanisms that have been implemented for the exercise of these rights are<br>by submitting the respective application at:<\/p>\n<p>Insurgentes Sur 1605 Piso 12, Col. San Jos\u00e9 Insurgentes, Del. Benito Ju\u00e1rez, C.P. 03900, in<br>Mexico City, Mexico, to the attention of our Data Management Department.<br>Your application must contain the following information:<\/p>\n<ul>\n<li>Description of your requirement.<\/li>\n<li>Name and signature of the owner, as well as an address or other means of communicating the response to your request.<\/li>\n<li>A clear and precise description of the personal data in respect of which you will exercise the rights conferred by the Law.<\/li>\n<li>Any element or document that facilitates the location of the personal data in question.<\/li>\n<li>Official documents that prove the identity of the holder.<\/li>\n<\/ul>\n<p>Your data may travel to another country or be shared with others.<\/p>\n<p>Your personal data may be transferred and processed within and outside the country, by<br>people other than this company. In that sense, your information may be shared<br>with associates, to follow up on a work-related matter<br>services you have contracted with us.<\/p>\n<p>We undertake not to transfer your personal information to third parties without your consent.<br>consent, except for the exceptions provided for in Article 37 of the Federal Law of<br>Protection of Personal Data Held by Private Parties, as well as to carry out this<br>transfer under the terms established by that law.<\/p>\n<p>If you do not express your opposition to the transfer of your personal data,<br>will be understood to have given your consent to do so.<\/p>\n<p><b>Modifications to the privacy notice.<\/b><\/p>\n<p>We reserve the right to make changes or modifications at any time.<br>updates to this privacy notice, to address any new developments<br>legislative, internal policies or new requirements for the provision or offering<br>of our services or products. These modifications will be available to the public at<br>through our website in the Privacy Notice section; or you can<br>we will send it to the last email address you provided.<\/p>\n<p>If you consider that your right to personal data protection has been violated<br>for any conduct of our employees or our actions or responses,<br>presumes that in the processing of your personal data there is some violation of the<br>provisions set forth in the Federal Law on the Protection of Personal Data in Possession<br>of Individuals, may file the corresponding complaint or report before the IFAI,<br>for more information visit <b>www.ifai.org.mx.<\/b><\/p>\n<p>We commit that they will be treated under the strictest measures of<br>security that guarantee your confidentiality.<\/p>\n<p>If you require more information about our privacy notice, please visit our site:<br><b>www.resa.com.mx<\/b><\/p>\n<p><!-- wp:heading --><!-- \/wp:paragraph --><\/p>\t\t\t\t\t\t<\/div>\n\t\t\t\t<\/div>\n\t\t\t\t\t<\/div>\n\t\t<\/div>\n\t\t\t\t\t<\/div>\n\t\t<\/section>\n\t\t\t\t<\/div>","protected":false},"excerpt":{"rendered":"<p>Aviso dirigido a los titulares de datos personales que obran en posesi\u00f3n de resa yasociados, s.c. resa y asociados, s. [&hellip;]<\/p>","protected":false},"author":1,"featured_media":0,"parent":0,"menu_order":0,"comment_status":"closed","ping_status":"open","template":"","meta":{"_acf_changed":false,"site-sidebar-layout":"default","site-content-layout":"","ast-site-content-layout":"","site-content-style":"default","site-sidebar-style":"default","ast-global-header-display":"","ast-banner-title-visibility":"","ast-main-header-display":"","ast-hfb-above-header-display":"","ast-hfb-below-header-display":"","ast-hfb-mobile-header-display":"","site-post-title":"","ast-breadcrumbs-content":"","ast-featured-img":"","footer-sml-layout":"","theme-transparent-header-meta":"","adv-header-id-meta":"","stick-header-meta":"","header-above-stick-meta":"","header-main-stick-meta":"","header-below-stick-meta":"","astra-migrate-meta-layouts":"default","ast-page-background-enabled":"default","ast-page-background-meta":{"desktop":{"background-color":"var(--ast-global-color-4)","background-image":"","background-repeat":"repeat","background-position":"center center","background-size":"auto","background-attachment":"scroll","background-type":"","background-media":"","overlay-type":"","overlay-color":"","overlay-gradient":""},"tablet":{"background-color":"","background-image":"","background-repeat":"repeat","background-position":"center center","background-size":"auto","background-attachment":"scroll","background-type":"","background-media":"","overlay-type":"","overlay-color":"","overlay-gradient":""},"mobile":{"background-color":"","background-image":"","background-repeat":"repeat","background-position":"center center","background-size":"auto","background-attachment":"scroll","background-type":"","background-media":"","overlay-type":"","overlay-color":"","overlay-gradient":""}},"ast-content-background-meta":{"desktop":{"background-color":"var(--ast-global-color-5)","background-image":"","background-repeat":"repeat","background-position":"center center","background-size":"auto","background-attachment":"scroll","background-type":"","background-media":"","overlay-type":"","overlay-color":"","overlay-gradient":""},"tablet":{"background-color":"var(--ast-global-color-5)","background-image":"","background-repeat":"repeat","background-position":"center center","background-size":"auto","background-attachment":"scroll","background-type":"","background-media":"","overlay-type":"","overlay-color":"","overlay-gradient":""},"mobile":{"background-color":"var(--ast-global-color-5)","background-image":"","background-repeat":"repeat","background-position":"center center","background-size":"auto","background-attachment":"scroll","background-type":"","background-media":"","overlay-type":"","overlay-color":"","overlay-gradient":""}},"footnotes":""},"class_list":["post-3","page","type-page","status-publish","hentry"],"acf":[],"_links":{"self":[{"href":"https:\/\/www.resa.mx\/en\/wp-json\/wp\/v2\/pages\/3","targetHints":{"allow":["GET"]}}],"collection":[{"href":"https:\/\/www.resa.mx\/en\/wp-json\/wp\/v2\/pages"}],"about":[{"href":"https:\/\/www.resa.mx\/en\/wp-json\/wp\/v2\/types\/page"}],"author":[{"embeddable":true,"href":"https:\/\/www.resa.mx\/en\/wp-json\/wp\/v2\/users\/1"}],"replies":[{"embeddable":true,"href":"https:\/\/www.resa.mx\/en\/wp-json\/wp\/v2\/comments?post=3"}],"version-history":[{"count":30,"href":"https:\/\/www.resa.mx\/en\/wp-json\/wp\/v2\/pages\/3\/revisions"}],"predecessor-version":[{"id":702,"href":"https:\/\/www.resa.mx\/en\/wp-json\/wp\/v2\/pages\/3\/revisions\/702"}],"wp:attachment":[{"href":"https:\/\/www.resa.mx\/en\/wp-json\/wp\/v2\/media?parent=3"}],"curies":[{"name":"wp","href":"https:\/\/api.w.org\/{rel}","templated":true}]}}